{"id":1089,"date":"2024-12-09T15:03:05","date_gmt":"2024-12-09T20:03:05","guid":{"rendered":"https:\/\/evaluarte.edu.co\/?page_id=1089"},"modified":"2024-12-10T13:47:25","modified_gmt":"2024-12-10T18:47:25","slug":"becas-y-distinciones","status":"publish","type":"page","link":"https:\/\/evaluarte.edu.co\/?page_id=1089","title":{"rendered":"BECAS Y DISTINCIONES"},"content":{"rendered":"\n<h3 class=\"wp-block-heading\">BECAS Y DISTINCIONES VIGENTES<\/h3>\n\n\n\n<figure class=\"wp-block-image size-full\"><a href=\"https:\/\/evaluarte.edu.co\/wp-content\/uploads\/2024\/12\/Bachilleres-Ecopetrol-1.jpg\"><img loading=\"lazy\" decoding=\"async\" width=\"960\" height=\"294\" src=\"https:\/\/evaluarte.edu.co\/wp-content\/uploads\/2024\/12\/Bachilleres-Ecopetrol-1.jpg\" alt=\"\" class=\"wp-image-1162\" srcset=\"https:\/\/evaluarte.edu.co\/wp-content\/uploads\/2024\/12\/Bachilleres-Ecopetrol-1.jpg 960w, https:\/\/evaluarte.edu.co\/wp-content\/uploads\/2024\/12\/Bachilleres-Ecopetrol-1-300x92.jpg 300w, https:\/\/evaluarte.edu.co\/wp-content\/uploads\/2024\/12\/Bachilleres-Ecopetrol-1-768x235.jpg 768w\" sizes=\"auto, (max-width: 960px) 100vw, 960px\" \/><\/a><\/figure>\n\n\n<p>\u00abDISTINCI\u00d3N ALBERTO MAGNO &#8211; UNIANDES\u00bb<br \/>\nse entiende por Distinci\u00f3n Alberto Magno, el reconocimiento que hace la Universidad a los 10 estudiantes de pregrado que hayan obtenido los mejores puntajes uniandes en los procesos de admisi\u00f3n que se llevan a cabo semestralmente en la instituci\u00f3n. En caso de que alguno de los beneficiarios de esta distinci\u00f3n demuestre que necesita apoyo financiero, esa ayuda le ser\u00e1 asignada de manera autom\u00e1tica para toda la carrera, de acuerdo con los criterios que la Universidad ha establecido para el Programa Quiero Estudiar.<\/p>\n<p>\u00abBACHILLERES POR COLOMBIA &#8211; ECOPETROL\u00bb<br \/>\nEL programa Bachilleres por Colombia \u00abMario Gal\u00e1n G\u00f3mez\u00bb<br \/>\nEs un reconocimiento que consiste en el apoyo a la realizaci\u00f3n de estudios universitarios a bachilleres que ;eligen seg\u00fan su rendimiento acad\u00e9mico y su condici\u00f3n socio econ\u00f3mica.<\/p>\n<p>El reconocimiento incluye el pago de un subsidio para transporte y textos. Cuando se trate de estudiantes que vayan a vivir lejos de su familia, Ecopetrol les conceder\u00e1 un auxilio para manutenci\u00f3n y alojamiento. Adicionalmente, el programa contempla un seguimiento durante el tiempo de estudios que incluye orientaci\u00f3n acad\u00e9mica y apoyo sicol\u00f3gico si se requiere.Desde 1986, cuando Ecopetrol inici\u00f3 el programa, han recibido el beneficio 648 estudiantes, de los cuales la mayor\u00eda ya son profesionales en las carreras de ingenieria y medicina, principalmente. Muchos de ellos hoy ocupan importantes posiciones en empresas del sector p\u00fablico y privado. <\/p>\n<p>\u00abDISTINCI\u00d3N ANDRES BELLO\u00bb<br \/>\nEs el reconocimiento a los 50 estudiantes con mejor puntaje total en la prueba Icfes Saber 11 en el pa\u00eds, y a los dos mejores estudiantes por cada departamento (los 32 departamentos m\u00e1s Bogot\u00e1 Distrito Capital) en este examen.<\/p>\n<p>Este reconocimiento consiste en garantizar el ingreso, por una sola vez, a cualquier programa de educaci\u00f3n superior, en cualquier instituci\u00f3n estatal, durante los dos a\u00f1os siguientes. Para este reconocimiento vale se\u00f1alar que los estudiantes que sean seleccionados tanto a nivel nacional como departamental s\u00f3lo pueden acceder a un subsidio educativo. De estos estudiantes que reciben el reconocimiento, los que comprueben que su familia o ellos tienen ingresos mensuales inferiores a tres salarios m\u00ednimos mensuales, tendr\u00e1n derecho a un subsidio equivalente a un salario m\u00ednimo mensual en cada semestre, m\u00e1ximo durante diez semestres. Para esto deben demostrar buen rendimiento acad\u00e9mico, de acuerdo con el reglamento que para esto expida el Instituto Colombiano de Cr\u00e9dito Educativo y Estudios T\u00e9cnicos en el Exterior -Icetex-.<\/p>\n\n\n\n<p><a href=\"https:\/\/www.ecopetrol.com.co\/wps\/portal\/Home\/es\/noticias\/detalle\/ecopetrol-abre-convocatoria-para-becas-en-estudios-superiores-a-los-mejores-bachilleres\">https:\/\/www.ecopetrol.com.co\/wps\/portal\/Home\/es\/noticias\/detalle\/ecopetrol-abre-convocatoria-para-becas-en-estudios-superiores-a-los-mejores-bachilleres<\/a><\/p>\n","protected":false},"excerpt":{"rendered":"<p>BECAS Y DISTINCIONES VIGENTES https:\/\/www.ecopetrol.com.co\/wps\/portal\/Home\/es\/noticias\/detalle\/ecopetrol-abre-convocatoria-para-becas-en-estudios-superiores-a-los-mejores-bachilleres<\/p>\n","protected":false},"author":1,"featured_media":0,"parent":0,"menu_order":0,"comment_status":"closed","ping_status":"closed","template":"","meta":{"footnotes":""},"class_list":["post-1089","page","type-page","status-publish","hentry"],"_links":{"self":[{"href":"https:\/\/evaluarte.edu.co\/index.php?rest_route=\/wp\/v2\/pages\/1089","targetHints":{"allow":["GET"]}}],"collection":[{"href":"https:\/\/evaluarte.edu.co\/index.php?rest_route=\/wp\/v2\/pages"}],"about":[{"href":"https:\/\/evaluarte.edu.co\/index.php?rest_route=\/wp\/v2\/types\/page"}],"author":[{"embeddable":true,"href":"https:\/\/evaluarte.edu.co\/index.php?rest_route=\/wp\/v2\/users\/1"}],"replies":[{"embeddable":true,"href":"https:\/\/evaluarte.edu.co\/index.php?rest_route=%2Fwp%2Fv2%2Fcomments&post=1089"}],"version-history":[{"count":6,"href":"https:\/\/evaluarte.edu.co\/index.php?rest_route=\/wp\/v2\/pages\/1089\/revisions"}],"predecessor-version":[{"id":1163,"href":"https:\/\/evaluarte.edu.co\/index.php?rest_route=\/wp\/v2\/pages\/1089\/revisions\/1163"}],"wp:attachment":[{"href":"https:\/\/evaluarte.edu.co\/index.php?rest_route=%2Fwp%2Fv2%2Fmedia&parent=1089"}],"curies":[{"name":"wp","href":"https:\/\/api.w.org\/{rel}","templated":true}]}}