{"id":197,"date":"2012-07-22T08:32:01","date_gmt":"2012-07-22T08:32:01","guid":{"rendered":"http:\/\/evaluarte.edu.co\/?page_id=197"},"modified":"2024-12-11T08:46:04","modified_gmt":"2024-12-11T13:46:04","slug":"mision-y-vision","status":"publish","type":"page","link":"https:\/\/evaluarte.edu.co\/?page_id=197","title":{"rendered":"<span style=\"color: #888888;\">Misi\u00f3n, Visi\u00f3n y Valores.<\/span>"},"content":{"rendered":"\n<p><\/p>\n\n\n\n<p class=\"has-text-align-left\"><span style=\"color: #888888; font-size: 160%;\">Somos una Instituci\u00f3n educativa para el trabajo y desarrollo humano cuyos programas est\u00e1n implementados a partir de la convivencia, la comunicaci\u00f3n efectiva y la calidad en el desarrollo de los mismos, con una metodolog\u00eda basada en estrategias metacognitivas saber y docentes facilitadores comprometidos con los principios y valores de EVALUARTE.<\/span><\/p>\n\n\n\n<p><\/p>\n\n\n\n<figure class=\"wp-block-image aligncenter size-large\"><img loading=\"lazy\" decoding=\"async\" width=\"1024\" height=\"395\" src=\"https:\/\/evaluarte.edu.co\/wp-content\/uploads\/2024\/12\/MISION-WEB-2-1024x395.png\" alt=\"\" class=\"wp-image-1201\" srcset=\"https:\/\/evaluarte.edu.co\/wp-content\/uploads\/2024\/12\/MISION-WEB-2-1024x395.png 1024w, https:\/\/evaluarte.edu.co\/wp-content\/uploads\/2024\/12\/MISION-WEB-2-300x116.png 300w, https:\/\/evaluarte.edu.co\/wp-content\/uploads\/2024\/12\/MISION-WEB-2-768x296.png 768w, https:\/\/evaluarte.edu.co\/wp-content\/uploads\/2024\/12\/MISION-WEB-2-1536x592.png 1536w, https:\/\/evaluarte.edu.co\/wp-content\/uploads\/2024\/12\/MISION-WEB-2-2048x789.png 2048w\" sizes=\"auto, (max-width: 1024px) 100vw, 1024px\" \/><\/figure>\n\n\n\n<p class=\"has-text-align-left\"><\/p>\n\n\n\n<p class=\"has-text-align-left\"><span style=\"color: #888888; font-size: 160%;\">En el 2028 Evaluarte ser\u00e1 reconocida en el pa\u00eds como una Instituci\u00f3n educativa para el trabajo y Desarrollo Humano enfocada en el montaje e implementaci\u00f3n de programas de formaci\u00f3n y evaluaci\u00f3n por competencias para docentes y estudiantes de los diversos niveles acad\u00e9micos.<\/span><\/p>\n\n\n\n<p><\/p>\n\n\n\n<p class=\"has-text-align-left\"><br><span style=\"color: #888888; font-size: 160%;\">Bajo nuestros valores institucionales de Excelencia, Utilidad, Compromiso y \u00c9tica.<\/span><\/p>\n\n\n\n<p class=\"has-text-align-left\"><\/p>\n\n\n\n<p>&nbsp;<\/p>\n\n\n\n<p>&nbsp;<\/p>\n\n\n\n<p><\/p>\n","protected":false},"excerpt":{"rendered":"<p>Somos una Instituci\u00f3n educativa para el trabajo y desarrollo humano cuyos programas est\u00e1n implementados a partir de la convivencia, la comunicaci\u00f3n efectiva y la calidad en el desarrollo de los mismos, con una metodolog\u00eda basada en estrategias metacognitivas saber y docentes facilitadores comprometidos con los principios y valores de EVALUARTE. En el 2028 Evaluarte ser\u00e1 [&hellip;]<\/p>\n","protected":false},"author":1,"featured_media":0,"parent":0,"menu_order":0,"comment_status":"open","ping_status":"open","template":"","meta":{"footnotes":""},"class_list":["post-197","page","type-page","status-publish","hentry"],"_links":{"self":[{"href":"https:\/\/evaluarte.edu.co\/index.php?rest_route=\/wp\/v2\/pages\/197","targetHints":{"allow":["GET"]}}],"collection":[{"href":"https:\/\/evaluarte.edu.co\/index.php?rest_route=\/wp\/v2\/pages"}],"about":[{"href":"https:\/\/evaluarte.edu.co\/index.php?rest_route=\/wp\/v2\/types\/page"}],"author":[{"embeddable":true,"href":"https:\/\/evaluarte.edu.co\/index.php?rest_route=\/wp\/v2\/users\/1"}],"replies":[{"embeddable":true,"href":"https:\/\/evaluarte.edu.co\/index.php?rest_route=%2Fwp%2Fv2%2Fcomments&post=197"}],"version-history":[{"count":65,"href":"https:\/\/evaluarte.edu.co\/index.php?rest_route=\/wp\/v2\/pages\/197\/revisions"}],"predecessor-version":[{"id":1202,"href":"https:\/\/evaluarte.edu.co\/index.php?rest_route=\/wp\/v2\/pages\/197\/revisions\/1202"}],"wp:attachment":[{"href":"https:\/\/evaluarte.edu.co\/index.php?rest_route=%2Fwp%2Fv2%2Fmedia&parent=197"}],"curies":[{"name":"wp","href":"https:\/\/api.w.org\/{rel}","templated":true}]}}